{"id":1380,"date":"2011-06-04T22:32:34","date_gmt":"2011-06-05T01:32:34","guid":{"rendered":"http:\/\/www.amesa.com.br\/?page_id=1380"},"modified":"2025-06-01T17:44:45","modified_gmt":"2025-06-01T20:44:45","slug":"politica-de-privacidade-2","status":"publish","type":"page","link":"http:\/\/amesa.com.br\/index.php\/politica-de-privacidade-2\/","title":{"rendered":"Pol\u00edtica de Privacidade"},"content":{"rendered":"<p style=\"text-align: justify;\">O <strong>A Mesa &#8211; prazeres da gastronomia<\/strong> respeita seu visitante e assume o compromisso de proteger sua privacidade na internet. Nosso compromisso \u00e9 o de resguardar as informa\u00e7\u00f5es pessoais que nos forem fornecidas e o de utilizar estas informa\u00e7\u00f5es somente para os fins a que forem destinadas.<\/p>\n<p style=\"text-align: justify;\">Esta declara\u00e7\u00e3o de privacidade descreve as pr\u00e1ticas de privacidade do site e explica as op\u00e7\u00f5es que s\u00e3o fornecidas sobre o modo pelo qual as informa\u00e7\u00f5es dos visitantes s\u00e3o coletadas e utilizadas.<\/p>\n<p style=\"text-align: justify;\"><strong>Logs do Servidor<\/strong><\/p>\n<p style=\"text-align: justify;\">Assim como a maioria dos sites, nossos servidores usam arquivos de log. Estes arquivos incluem endere\u00e7os IP, tipo de browser, informa\u00e7\u00f5es de provedor, p\u00e1gina de origem, p\u00e1gina de sa\u00edda, plataforma usada, data, hor\u00e1rio e n\u00famero de cliques. Estes dados n\u00e3o permitem a identifica\u00e7\u00e3o do usu\u00e1rio e s\u00e3o coletados para verificar o alcance demogr\u00e1fico do site e para permitir que nossas atualiza\u00e7\u00f5es agreguem sempre mais conte\u00fado que seja relevante aos usu\u00e1rios.<\/p>\n<p style=\"text-align: justify;\"><strong>Cookies e Web Beacons<\/strong><\/p>\n<p style=\"text-align: justify;\">Um cookie \u00e9 um pequeno arquivo de dados armazenado no computador do usu\u00e1rio que traz informa\u00e7\u00f5es do mesmo. Nosso site n\u00e3o usa cookies, entretanto alguns de nossos anunciantes usam e n\u00f3s n\u00e3o temos acesso e nem controle sobre esses cookies. Se o usu\u00e1rio desejar poder\u00e1 desabilitar o recebimento e o armazenamento de cookies em seu navegador alterando as configura\u00e7\u00f5es de seguran\u00e7a do mesmo, no menu de ferramentas. Maiores informa\u00e7\u00f5es a respeito podem ser obtidas no manual ou nos arquivos de ajuda do navegador.<\/p>\n<p style=\"text-align: justify;\"><strong>Links<\/strong><\/p>\n<p style=\"text-align: justify;\">Nosso site cont\u00e9m links para outros sites. N\u00e3o somos respons\u00e1veis pelas pol\u00edticas de privacidade desses sites e encorajamos nossos usu\u00e1rios a buscar e ler essas informa\u00e7\u00f5es nos sites linkados.<\/p>\n<p style=\"text-align: justify;\"><strong>Anunciantes<\/strong><\/p>\n<p style=\"text-align: justify;\">Usamos servi\u00e7os de outras empresas para exibir an\u00fancios em nosso site. Esses an\u00fancios podem conter cookies e\/ou web beacons para coletar dados no processo de exibi\u00e7\u00e3o de an\u00fancios por essas empresas. N\u00f3s n\u00e3o temos acesso \u00e0s informa\u00e7\u00f5es coletadas por essas empresas.<\/p>\n<p style=\"text-align: justify;\"><strong>Cookie DART do Google AdSense<\/strong><\/p>\n<p style=\"text-align: justify;\">Este site exibe an\u00fancios servidos pela rede Google AdSense. O Google usa cookies para exibir an\u00fancios nos sites que publicam seus an\u00fancios. O cookie DART permite que sejam exibidos an\u00fancios baseados nas prefer\u00eancias do usu\u00e1rio e em seus h\u00e1bitos de navega\u00e7\u00e3o. Os usu\u00e1rios podem optar por desabilitar o cookie DART visitando a <a href=\"http:\/\/www.google.com\/privacy_ads.html\">p\u00e1gina que cont\u00e9m a pol\u00edtica de privacidade<\/a> da rede de an\u00fancios e conte\u00fado do Google.<\/p>\n<p style=\"text-align: justify;\"><strong>Informa\u00e7\u00f5es de Contato<\/strong><\/p>\n<p style=\"text-align: justify;\">Em caso de d\u00favidas, sugest\u00f5es ou questionamentos a respeito de nossa pol\u00edtica de privacidade ou do site, nossos usu\u00e1rios podem contatar-nos atrav\u00e9s do e-mail <a href=\"mailto:editor@amesa.com.br\">editor@amesa.com.br<\/a>.<\/p>\n<p style=\"text-align: justify;\"><em>\u00daltima Atualiza\u00e7\u00e3o: 31\/03\/2009<\/em><\/p>\n","protected":false},"excerpt":{"rendered":"<p>O A Mesa &#8211; prazeres da gastronomia respeita seu visitante e assume o compromisso de proteger sua privacidade na internet. Nosso compromisso \u00e9 o de resguardar as informa\u00e7\u00f5es pessoais que nos forem fornecidas e o de utilizar estas informa\u00e7\u00f5es somente para os fins a que forem destinadas. Esta declara\u00e7\u00e3o de privacidade descreve as pr\u00e1ticas de &hellip; <\/p>\n","protected":false},"author":2,"featured_media":0,"parent":0,"menu_order":0,"comment_status":"closed","ping_status":"closed","template":"","meta":{"wprm-recipe-roundup-name":"","wprm-recipe-roundup-description":"","footnotes":""},"class_list":["post-1380","page","type-page","status-publish","hentry","entry"],"yoast_head":"<!-- This site is optimized with the Yoast SEO plugin v27.5 - https:\/\/yoast.com\/product\/yoast-seo-wordpress\/ -->\n<title>Pol\u00edtica de Privacidade - \u00c0 Mesa<\/title>\n<meta name=\"robots\" content=\"index, follow, max-snippet:-1, max-image-preview:large, max-video-preview:-1\" \/>\n<link rel=\"canonical\" href=\"http:\/\/amesa.com.br\/index.php\/politica-de-privacidade-2\/\" \/>\n<meta property=\"og:locale\" content=\"pt_BR\" \/>\n<meta property=\"og:type\" content=\"article\" \/>\n<meta property=\"og:title\" content=\"Pol\u00edtica de Privacidade - \u00c0 Mesa\" \/>\n<meta property=\"og:description\" content=\"O A Mesa &#8211; prazeres da gastronomia respeita seu visitante e assume o compromisso de proteger sua privacidade na internet. Nosso compromisso \u00e9 o de resguardar as informa\u00e7\u00f5es pessoais que nos forem fornecidas e o de utilizar estas informa\u00e7\u00f5es somente para os fins a que forem destinadas. Esta declara\u00e7\u00e3o de privacidade descreve as pr\u00e1ticas de &hellip;\" \/>\n<meta property=\"og:url\" content=\"http:\/\/amesa.com.br\/index.php\/politica-de-privacidade-2\/\" \/>\n<meta property=\"og:site_name\" content=\"\u00c0 Mesa\" \/>\n<meta property=\"article:publisher\" content=\"https:\/\/www.facebook.com\/amesagastronomia\" \/>\n<meta property=\"article:modified_time\" content=\"2025-06-01T20:44:45+00:00\" \/>\n<meta name=\"twitter:card\" content=\"summary_large_image\" \/>\n<meta name=\"twitter:site\" content=\"@siteamesa\" \/>\n<meta name=\"twitter:label1\" content=\"Est. tempo de leitura\" \/>\n\t<meta name=\"twitter:data1\" content=\"2 minutos\" \/>\n<script type=\"application\/ld+json\" class=\"yoast-schema-graph\">{\"@context\":\"https:\\\/\\\/schema.org\",\"@graph\":[{\"@type\":\"WebPage\",\"@id\":\"http:\\\/\\\/amesa.com.br\\\/index.php\\\/politica-de-privacidade-2\\\/\",\"url\":\"http:\\\/\\\/amesa.com.br\\\/index.php\\\/politica-de-privacidade-2\\\/\",\"name\":\"Pol\u00edtica de Privacidade - \u00c0 Mesa\",\"isPartOf\":{\"@id\":\"http:\\\/\\\/amesa.com.br\\\/#website\"},\"datePublished\":\"2011-06-05T01:32:34+00:00\",\"dateModified\":\"2025-06-01T20:44:45+00:00\",\"breadcrumb\":{\"@id\":\"http:\\\/\\\/amesa.com.br\\\/index.php\\\/politica-de-privacidade-2\\\/#breadcrumb\"},\"inLanguage\":\"pt-BR\",\"potentialAction\":[{\"@type\":\"ReadAction\",\"target\":[\"http:\\\/\\\/amesa.com.br\\\/index.php\\\/politica-de-privacidade-2\\\/\"]}]},{\"@type\":\"BreadcrumbList\",\"@id\":\"http:\\\/\\\/amesa.com.br\\\/index.php\\\/politica-de-privacidade-2\\\/#breadcrumb\",\"itemListElement\":[{\"@type\":\"ListItem\",\"position\":1,\"name\":\"Home\",\"item\":\"http:\\\/\\\/amesa.com.br\\\/\"},{\"@type\":\"ListItem\",\"position\":2,\"name\":\"Pol\u00edtica de Privacidade\"}]},{\"@type\":\"WebSite\",\"@id\":\"http:\\\/\\\/amesa.com.br\\\/#website\",\"url\":\"http:\\\/\\\/amesa.com.br\\\/\",\"name\":\"A Mesa Gastronomia\",\"description\":\"Culin\u00e1ria e Gastronomia\",\"publisher\":{\"@id\":\"http:\\\/\\\/amesa.com.br\\\/#organization\"},\"potentialAction\":[{\"@type\":\"SearchAction\",\"target\":{\"@type\":\"EntryPoint\",\"urlTemplate\":\"http:\\\/\\\/amesa.com.br\\\/?s={search_term_string}\"},\"query-input\":{\"@type\":\"PropertyValueSpecification\",\"valueRequired\":true,\"valueName\":\"search_term_string\"}}],\"inLanguage\":\"pt-BR\"},{\"@type\":\"Organization\",\"@id\":\"http:\\\/\\\/amesa.com.br\\\/#organization\",\"name\":\"A Mesa Gastronomia\",\"url\":\"http:\\\/\\\/amesa.com.br\\\/\",\"logo\":{\"@type\":\"ImageObject\",\"inLanguage\":\"pt-BR\",\"@id\":\"http:\\\/\\\/amesa.com.br\\\/#\\\/schema\\\/logo\\\/image\\\/\",\"url\":\"http:\\\/\\\/amesa.com.br\\\/wp-content\\\/uploads\\\/2025\\\/06\\\/cropped-logo_ams.png\",\"contentUrl\":\"http:\\\/\\\/amesa.com.br\\\/wp-content\\\/uploads\\\/2025\\\/06\\\/cropped-logo_ams.png\",\"width\":277,\"height\":92,\"caption\":\"A Mesa Gastronomia\"},\"image\":{\"@id\":\"http:\\\/\\\/amesa.com.br\\\/#\\\/schema\\\/logo\\\/image\\\/\"},\"sameAs\":[\"https:\\\/\\\/www.facebook.com\\\/amesagastronomia\",\"https:\\\/\\\/x.com\\\/siteamesa\"]}]}<\/script>\n<!-- \/ Yoast SEO plugin. -->","yoast_head_json":{"title":"Pol\u00edtica de Privacidade - \u00c0 Mesa","robots":{"index":"index","follow":"follow","max-snippet":"max-snippet:-1","max-image-preview":"max-image-preview:large","max-video-preview":"max-video-preview:-1"},"canonical":"http:\/\/amesa.com.br\/index.php\/politica-de-privacidade-2\/","og_locale":"pt_BR","og_type":"article","og_title":"Pol\u00edtica de Privacidade - \u00c0 Mesa","og_description":"O A Mesa &#8211; prazeres da gastronomia respeita seu visitante e assume o compromisso de proteger sua privacidade na internet. Nosso compromisso \u00e9 o de resguardar as informa\u00e7\u00f5es pessoais que nos forem fornecidas e o de utilizar estas informa\u00e7\u00f5es somente para os fins a que forem destinadas. Esta declara\u00e7\u00e3o de privacidade descreve as pr\u00e1ticas de &hellip;","og_url":"http:\/\/amesa.com.br\/index.php\/politica-de-privacidade-2\/","og_site_name":"\u00c0 Mesa","article_publisher":"https:\/\/www.facebook.com\/amesagastronomia","article_modified_time":"2025-06-01T20:44:45+00:00","twitter_card":"summary_large_image","twitter_site":"@siteamesa","twitter_misc":{"Est. tempo de leitura":"2 minutos"},"schema":{"@context":"https:\/\/schema.org","@graph":[{"@type":"WebPage","@id":"http:\/\/amesa.com.br\/index.php\/politica-de-privacidade-2\/","url":"http:\/\/amesa.com.br\/index.php\/politica-de-privacidade-2\/","name":"Pol\u00edtica de Privacidade - \u00c0 Mesa","isPartOf":{"@id":"http:\/\/amesa.com.br\/#website"},"datePublished":"2011-06-05T01:32:34+00:00","dateModified":"2025-06-01T20:44:45+00:00","breadcrumb":{"@id":"http:\/\/amesa.com.br\/index.php\/politica-de-privacidade-2\/#breadcrumb"},"inLanguage":"pt-BR","potentialAction":[{"@type":"ReadAction","target":["http:\/\/amesa.com.br\/index.php\/politica-de-privacidade-2\/"]}]},{"@type":"BreadcrumbList","@id":"http:\/\/amesa.com.br\/index.php\/politica-de-privacidade-2\/#breadcrumb","itemListElement":[{"@type":"ListItem","position":1,"name":"Home","item":"http:\/\/amesa.com.br\/"},{"@type":"ListItem","position":2,"name":"Pol\u00edtica de Privacidade"}]},{"@type":"WebSite","@id":"http:\/\/amesa.com.br\/#website","url":"http:\/\/amesa.com.br\/","name":"A Mesa Gastronomia","description":"Culin\u00e1ria e Gastronomia","publisher":{"@id":"http:\/\/amesa.com.br\/#organization"},"potentialAction":[{"@type":"SearchAction","target":{"@type":"EntryPoint","urlTemplate":"http:\/\/amesa.com.br\/?s={search_term_string}"},"query-input":{"@type":"PropertyValueSpecification","valueRequired":true,"valueName":"search_term_string"}}],"inLanguage":"pt-BR"},{"@type":"Organization","@id":"http:\/\/amesa.com.br\/#organization","name":"A Mesa Gastronomia","url":"http:\/\/amesa.com.br\/","logo":{"@type":"ImageObject","inLanguage":"pt-BR","@id":"http:\/\/amesa.com.br\/#\/schema\/logo\/image\/","url":"http:\/\/amesa.com.br\/wp-content\/uploads\/2025\/06\/cropped-logo_ams.png","contentUrl":"http:\/\/amesa.com.br\/wp-content\/uploads\/2025\/06\/cropped-logo_ams.png","width":277,"height":92,"caption":"A Mesa Gastronomia"},"image":{"@id":"http:\/\/amesa.com.br\/#\/schema\/logo\/image\/"},"sameAs":["https:\/\/www.facebook.com\/amesagastronomia","https:\/\/x.com\/siteamesa"]}]}},"_links":{"self":[{"href":"http:\/\/amesa.com.br\/index.php\/wp-json\/wp\/v2\/pages\/1380","targetHints":{"allow":["GET"]}}],"collection":[{"href":"http:\/\/amesa.com.br\/index.php\/wp-json\/wp\/v2\/pages"}],"about":[{"href":"http:\/\/amesa.com.br\/index.php\/wp-json\/wp\/v2\/types\/page"}],"author":[{"embeddable":true,"href":"http:\/\/amesa.com.br\/index.php\/wp-json\/wp\/v2\/users\/2"}],"replies":[{"embeddable":true,"href":"http:\/\/amesa.com.br\/index.php\/wp-json\/wp\/v2\/comments?post=1380"}],"version-history":[{"count":1,"href":"http:\/\/amesa.com.br\/index.php\/wp-json\/wp\/v2\/pages\/1380\/revisions"}],"predecessor-version":[{"id":3446,"href":"http:\/\/amesa.com.br\/index.php\/wp-json\/wp\/v2\/pages\/1380\/revisions\/3446"}],"wp:attachment":[{"href":"http:\/\/amesa.com.br\/index.php\/wp-json\/wp\/v2\/media?parent=1380"}],"curies":[{"name":"wp","href":"https:\/\/api.w.org\/{rel}","templated":true}]}}